{"id":86953,"date":"2023-05-31T15:48:52","date_gmt":"2023-05-31T13:48:52","guid":{"rendered":"https:\/\/spbe.spschweiz.ch\/personnes\/comite-directeur\/"},"modified":"2025-01-30T11:38:19","modified_gmt":"2025-01-30T10:38:19","slug":"comite-directeur","status":"publish","type":"page","link":"https:\/\/migrantinnen.spbe.ch\/fr\/personnes\/comite-directeur\/","title":{"rendered":"Comit\u00e9"},"content":{"rendered":"\t\t<div data-elementor-type=\"wp-page\" data-elementor-id=\"86953\" class=\"elementor elementor-86953 elementor-84146\" data-elementor-post-type=\"page\">\n\t\t\t\t\t\t<section class=\"elementor-section elementor-top-section elementor-element elementor-element-603adb1 elementor-section-boxed elementor-section-height-default elementor-section-height-default\" data-id=\"603adb1\" data-element_type=\"section\" data-settings=\"{&quot;jet_parallax_layout_list&quot;:[],&quot;background_background&quot;:&quot;classic&quot;}\">\n\t\t\t\t\t\t<div class=\"elementor-container elementor-column-gap-wide\">\n\t\t\t\t\t<div class=\"elementor-column elementor-col-100 elementor-top-column elementor-element elementor-element-b25c69f\" data-id=\"b25c69f\" data-element_type=\"column\">\n\t\t\t<div class=\"elementor-widget-wrap elementor-element-populated\">\n\t\t\t\t\t\t<div class=\"elementor-element elementor-element-0e9cdfb elementor-widget elementor-widget-heading\" data-id=\"0e9cdfb\" data-element_type=\"widget\" data-widget_type=\"heading.default\">\n\t\t\t\t<div class=\"elementor-widget-container\">\n\t\t\t\t\t<h1 class=\"elementor-heading-title elementor-size-default\">Vorstand<\/h1>\t\t\t\t<\/div>\n\t\t\t\t<\/div>\n\t\t\n\t\t<div class=\"elementor-element elementor-element-4c612fe elementor-widget elementor-widget-jet-breadcrumbs\" data-id=\"4c612fe\" data-element_type=\"widget\" data-widget_type=\"jet-breadcrumbs.default\">\n\t\t\t\t<div class=\"elementor-widget-container\">\n\t\t\t\t\t<div class=\"elementor-jet-breadcrumbs jet-blocks\">\n\t\t<div class=\"jet-breadcrumbs\">\n\t\t<div class=\"jet-breadcrumbs__content\">\n\t\t<div class=\"jet-breadcrumbs__wrap\">\n\t\t<\/div>\n\t\t<\/div>\n\t\t<\/div><\/div>\t\t\t\t<\/div>\n\t\t\t\t<\/div>\n\t\t\t\t\t<\/div>\n\t\t<\/div>\n\t\t\t\t\t<\/div>\n\t\t<\/section>\n\t\t\t\t<section class=\"elementor-section elementor-top-section elementor-element elementor-element-dc5f2fc elementor-section-boxed elementor-section-height-default elementor-section-height-default\" data-id=\"dc5f2fc\" data-element_type=\"section\" data-settings=\"{&quot;jet_parallax_layout_list&quot;:[]}\">\n\t\t\t\t\t\t<div class=\"elementor-container elementor-column-gap-default\">\n\t\t\t\t\t<div class=\"elementor-column elementor-col-100 elementor-top-column elementor-element elementor-element-6a1a188\" data-id=\"6a1a188\" data-element_type=\"column\">\n\t\t\t<div class=\"elementor-widget-wrap elementor-element-populated\">\n\t\t\t\t\t\t<div class=\"elementor-element elementor-element-06242fc elementor-widget elementor-widget-jet-breadcrumbs\" data-id=\"06242fc\" data-element_type=\"widget\" data-widget_type=\"jet-breadcrumbs.default\">\n\t\t\t\t<div class=\"elementor-widget-container\">\n\t\t\t\t\t<div class=\"elementor-jet-breadcrumbs jet-blocks\">\n\t\t<div class=\"jet-breadcrumbs\">\n\t\t<div class=\"jet-breadcrumbs__content\">\n\t\t<div class=\"jet-breadcrumbs__wrap\">\n\t\t<\/div>\n\t\t<\/div>\n\t\t<\/div><\/div>\t\t\t\t<\/div>\n\t\t\t\t<\/div>\n\t\t\t\t\t<\/div>\n\t\t<\/div>\n\t\t\t\t\t<\/div>\n\t\t<\/section>\n\t\t\t\t<section class=\"elementor-section elementor-top-section elementor-element elementor-element-851e221 elementor-section-boxed elementor-section-height-default elementor-section-height-default\" data-id=\"851e221\" data-element_type=\"section\" data-settings=\"{&quot;jet_parallax_layout_list&quot;:[]}\">\n\t\t\t\t\t\t<div class=\"elementor-container elementor-column-gap-default\">\n\t\t\t\t\t<div class=\"elementor-column elementor-col-100 elementor-top-column elementor-element elementor-element-05b9660\" data-id=\"05b9660\" data-element_type=\"column\">\n\t\t\t<div class=\"elementor-widget-wrap elementor-element-populated\">\n\t\t\t\t\t\t<div class=\"elementor-element elementor-element-d414c47 elementor-widget__width-initial elementor-widget elementor-widget-spps_person_grid\" data-id=\"d414c47\" data-element_type=\"widget\" data-widget_type=\"spps_person_grid.default\">\n\t\t\t\t<div class=\"elementor-widget-container\">\n\t\t\t\t\t<div class=\"button-list-wrapper \"><div class=\"button-list-title\"><h2>Pr\u00e9sidence<\/h2><\/div><div class=\"button-list-container\"><p>Es wurden keine Personen gefunden.<\/p><\/div><\/div>\t\t\t\t<\/div>\n\t\t\t\t<\/div>\n\t\t\t\t<div class=\"elementor-element elementor-element-94e7834 elementor-widget elementor-widget-spps_person_grid\" data-id=\"94e7834\" data-element_type=\"widget\" data-widget_type=\"spps_person_grid.default\">\n\t\t\t\t<div class=\"elementor-widget-container\">\n\t\t\t\t\t<div class=\"button-list-wrapper \"><div class=\"button-list-title\"><h3>Membres du comit\u00e9<\/h3><\/div><div class=\"button-list-container\"><div class=\"persons persons-grid-2\"><div class=\"persons-items\"><div class=\"persons-item\"><div class=\"person-container\"><div class=\"person-portrait\"><a href=\"https:\/\/migrantinnen.spbe.ch\/fr\/person\/bertan-candan\/\"><img decoding=\"async\" src=\"https:\/\/migrantinnen.spbe.ch\/wp-content\/uploads\/sites\/90\/2025\/01\/Bertan_0006verkl-e1739714601893-600x600.jpg?v=1739714581\" alt=\"Bertan Candan\" loading=\"lazy\"><\/a><\/div><div class=\"person-content\"><a href=\"https:\/\/migrantinnen.spbe.ch\/fr\/person\/bertan-candan\/\" class=\"person-name\"><p><strong>Bertan Candan<\/strong><\/p><\/a><ul class=\"person-kontakt list-pills list-pills-grey\"><li><a href=\"mailto:bertan.candan@hotmail.com\">E-Mail<\/a><\/li><\/ul><\/div><\/div><\/div><div class=\"persons-item\"><div class=\"person-container\"><div class=\"person-portrait\"><a href=\"https:\/\/migrantinnen.spbe.ch\/fr\/person\/rojda-candan\/\"><img decoding=\"async\" src=\"https:\/\/migrantinnen.spbe.ch\/wp-content\/uploads\/sites\/90\/2024\/09\/rojda-1-scaled-e1727726054886-600x600.jpg?v=1727726002\" alt=\"Rojda Candan\" loading=\"lazy\"><\/a><\/div><div class=\"person-content\"><a href=\"https:\/\/migrantinnen.spbe.ch\/fr\/person\/rojda-candan\/\" class=\"person-name\"><p><strong>Rojda Candan<\/strong><\/p><\/a><\/div><\/div><\/div><div class=\"persons-item\"><div class=\"person-container\"><div class=\"person-portrait\"><a href=\"https:\/\/migrantinnen.spbe.ch\/fr\/person\/helin-genis\/\"><img decoding=\"async\" src=\"https:\/\/migrantinnen.spbe.ch\/wp-content\/uploads\/sites\/90\/2024\/09\/Helin-600x600.jpg?v=1727724832\" alt=\"Helin Genis\" loading=\"lazy\"><\/a><\/div><div class=\"person-content\"><a href=\"https:\/\/migrantinnen.spbe.ch\/fr\/person\/helin-genis\/\" class=\"person-name\"><p><strong>Helin Genis<\/strong><\/p><\/a><ul class=\"person-kontakt list-pills list-pills-grey\"><li><a href=\"mailto:helin.genis@hotmail.com\">E-Mail<\/a><\/li><\/ul><\/div><\/div><\/div><div class=\"persons-item\"><div class=\"person-container\"><div class=\"person-portrait\"><a href=\"https:\/\/migrantinnen.spbe.ch\/fr\/person\/halua-pinto-de-magalhaees\/\"><img decoding=\"async\" src=\"https:\/\/migrantinnen.spbe.ch\/wp-content\/uploads\/sites\/90\/2024\/09\/csm_Pinto_de_Magalhaes_2022_0148_web_8a79f029ee-1-600x600-1.jpg?v=1727725964\" alt=\"Halua Pinto de Magalh\u00e3es\" loading=\"lazy\"><\/a><\/div><div class=\"person-content\"><a href=\"https:\/\/migrantinnen.spbe.ch\/fr\/person\/halua-pinto-de-magalhaees\/\" class=\"person-name\"><p><strong>Halua Pinto de Magalh\u00e3es<\/strong><\/p><\/a><p class=\"person-position\">Repr\u00e9sentant du PS Migrant-e-s au comit\u00e9 directeur du PS du canton de Berne<\/p><ul class=\"person-kontakt list-pills list-pills-grey\"><li><a href=\"mailto:halpinto@gmx.ch\">E-Mail<\/a><\/li><\/ul><\/div><\/div><\/div><div class=\"persons-item\"><div class=\"person-container\"><div class=\"person-portrait\"><a href=\"https:\/\/migrantinnen.spbe.ch\/fr\/person\/seba-topuz\/\"><img decoding=\"async\" src=\"https:\/\/migrantinnen.spbe.ch\/wp-content\/uploads\/sites\/90\/2025\/01\/Seba-Topuz_051-1-600x600.jpg?v=1739714552\" alt=\"Seb\u00e2 Topuz\" loading=\"lazy\"><\/a><\/div><div class=\"person-content\"><a href=\"https:\/\/migrantinnen.spbe.ch\/fr\/person\/seba-topuz\/\" class=\"person-name\"><p><strong>Seb\u00e2 Topuz<\/strong><\/p><\/a><\/div><\/div><\/div><div class=\"persons-item\"><div class=\"person-container\"><div class=\"person-portrait\"><a href=\"https:\/\/migrantinnen.spbe.ch\/fr\/person\/jakub-walczak\/\"><img decoding=\"async\" src=\"https:\/\/migrantinnen.spbe.ch\/wp-content\/uploads\/sites\/90\/2024\/09\/2405_Jakub-aa5b06b05154-600x600.jpg?v=1727725064\" alt=\"Kuba Walczak\" loading=\"lazy\"><\/a><\/div><div class=\"person-content\"><a href=\"https:\/\/migrantinnen.spbe.ch\/fr\/person\/jakub-walczak\/\" class=\"person-name\"><p><strong>Kuba Walczak<\/strong><\/p><\/a><ul class=\"person-kontakt list-pills list-pills-grey\"><li><a href=\"mailto:kuba.walczak3010@gmail.com\">E-Mail<\/a><\/li><\/ul><\/div><\/div><\/div><div class=\"persons-item\"><div class=\"person-container\"><div class=\"person-portrait\"><a href=\"https:\/\/migrantinnen.spbe.ch\/fr\/person\/evelin-yousef\/\"><img decoding=\"async\" src=\"https:\/\/migrantinnen.spbe.ch\/wp-content\/uploads\/sites\/90\/2025\/01\/IMG_6068-e1739464894607-600x600.jpg?v=1739463268\" alt=\"Evelin Yousef\" loading=\"lazy\"><\/a><\/div><div class=\"person-content\"><a href=\"https:\/\/migrantinnen.spbe.ch\/fr\/person\/evelin-yousef\/\" class=\"person-name\"><p><strong>Evelin Yousef<\/strong><\/p><\/a><ul class=\"person-kontakt list-pills list-pills-grey\"><li><a href=\"mailto:evelinyousef88@gmail.com\">E-Mail<\/a><\/li><\/ul><\/div><\/div><\/div><\/div><\/div><\/div><\/div>\t\t\t\t<\/div>\n\t\t\t\t<\/div>\n\t\t\t\t\t<\/div>\n\t\t<\/div>\n\t\t\t\t\t<\/div>\n\t\t<\/section>\n\t\t\t\t<\/div>\n\t\t","protected":false},"excerpt":{"rendered":"<p>Vorstand Pr\u00e9sidence Rojda Candan Membres du comit\u00e9 Bertan Candan E-Mail Helin Genis E-Mail Halua Pinto de Magalh\u00e3es Vertreter der SP Migrant:innen in der Gesch\u00e4ftsleitung der SP Kanton Bern E-Mail Seba [&hellip;]<\/p>\n","protected":false},"author":5,"featured_media":0,"parent":30434,"menu_order":0,"comment_status":"closed","ping_status":"closed","template":"","meta":{"footnotes":""},"class_list":["post-86953","page","type-page","status-publish","hentry"],"_links":{"self":[{"href":"https:\/\/migrantinnen.spbe.ch\/fr\/wp-json\/wp\/v2\/pages\/86953","targetHints":{"allow":["GET"]}}],"collection":[{"href":"https:\/\/migrantinnen.spbe.ch\/fr\/wp-json\/wp\/v2\/pages"}],"about":[{"href":"https:\/\/migrantinnen.spbe.ch\/fr\/wp-json\/wp\/v2\/types\/page"}],"author":[{"embeddable":true,"href":"https:\/\/migrantinnen.spbe.ch\/fr\/wp-json\/wp\/v2\/users\/5"}],"replies":[{"embeddable":true,"href":"https:\/\/migrantinnen.spbe.ch\/fr\/wp-json\/wp\/v2\/comments?post=86953"}],"version-history":[{"count":3,"href":"https:\/\/migrantinnen.spbe.ch\/fr\/wp-json\/wp\/v2\/pages\/86953\/revisions"}],"predecessor-version":[{"id":89887,"href":"https:\/\/migrantinnen.spbe.ch\/fr\/wp-json\/wp\/v2\/pages\/86953\/revisions\/89887"}],"up":[{"embeddable":true,"href":"https:\/\/migrantinnen.spbe.ch\/fr\/wp-json\/wp\/v2\/pages\/30434"}],"wp:attachment":[{"href":"https:\/\/migrantinnen.spbe.ch\/fr\/wp-json\/wp\/v2\/media?parent=86953"}],"curies":[{"name":"wp","href":"https:\/\/api.w.org\/{rel}","templated":true}]}}